{"id":300,"date":"2023-03-19T13:12:20","date_gmt":"2023-03-19T13:12:20","guid":{"rendered":"http:\/\/www.botniatraining.fi\/?page_id=300"},"modified":"2025-05-07T02:37:32","modified_gmt":"2025-05-07T02:37:32","slug":"hinnasto","status":"publish","type":"page","link":"https:\/\/www.botniatraining.fi\/index.php\/hinnasto\/","title":{"rendered":"Hinnasto"},"content":{"rendered":"<p>[et_pb_section fb_built=&#8221;1&#8243; admin_label=&#8221;Pricing&#8221; _builder_version=&#8221;4.20.0&#8243; _module_preset=&#8221;default&#8221; background_color=&#8221;#000000&#8243; min_height=&#8221;1500px&#8221; min_height_tablet=&#8221;1500px&#8221; min_height_phone=&#8221;1700px&#8221; min_height_last_edited=&#8221;on|phone&#8221; height=&#8221;1700px&#8221; max_height=&#8221;1700px&#8221; collapsed=&#8221;on&#8221; global_colors_info=&#8221;{}&#8221;][et_pb_row make_equal=&#8221;on&#8221; _builder_version=&#8221;4.17.0&#8243; _module_preset=&#8221;default&#8221; global_colors_info=&#8221;{}&#8221;][et_pb_column type=&#8221;4_4&#8243; _builder_version=&#8221;4.17.0&#8243; _module_preset=&#8221;default&#8221; global_colors_info=&#8221;{}&#8221;][et_pb_text _builder_version=&#8221;4.20.0&#8243; _module_preset=&#8221;c16985e1-e0d6-4022-964d-e2bfc04fa633&#8243; header_font=&#8221;PT Sans|700|||||||&#8221; header_text_color=&#8221;#FFFFFF&#8221; header_font_size=&#8221;75px&#8221; header_line_height=&#8221;1.2em&#8221; custom_margin=&#8221;||0px||false|false&#8221; header_font_size_tablet=&#8221;40px&#8221; header_font_size_phone=&#8221;24px&#8221; header_font_size_last_edited=&#8221;on|phone&#8221; global_colors_info=&#8221;{}&#8221;]<\/p>\n<h1>Esimerkkej\u00e4 hinnoista:<\/h1>\n<p>[\/et_pb_text][\/et_pb_column][\/et_pb_row][et_pb_row column_structure=&#8221;1_4,1_4,1_4,1_4&#8243; use_custom_gutter=&#8221;on&#8221; _builder_version=&#8221;4.17.3&#8243; _module_preset=&#8221;default&#8221; global_colors_info=&#8221;{}&#8221;][et_pb_column type=&#8221;1_4&#8243; _builder_version=&#8221;4.17.3&#8243; _module_preset=&#8221;default&#8221; global_colors_info=&#8221;{}&#8221;][et_pb_text _builder_version=&#8221;4.20.0&#8243; _module_preset=&#8221;1f09816e-184e-4ce5-a4cf-b39c52c423ca&#8221; text_font=&#8221;Mukta|500|||||||&#8221; text_text_color=&#8221;#FFFFFF&#8221; text_font_size=&#8221;16px&#8221; width=&#8221;100%&#8221; max_width=&#8221;100%&#8221; text_font_size_tablet=&#8221;14px&#8221; text_font_size_phone=&#8221;14px&#8221; text_font_size_last_edited=&#8221;on|desktop&#8221; header_font_size_tablet=&#8221;55px&#8221; header_font_size_last_edited=&#8221;off|desktop&#8221; global_colors_info=&#8221;{}&#8221;]Kannustan olemaan yhteydess\u00e4 puhelimitse tai s\u00e4hk\u00f6postilla, jotta voimme r\u00e4\u00e4t\u00e4l\u00f6id\u00e4 tarpeisiisi sopivan valmennuspaketin. Ohessa olevat hinnat ovat esimerkkej\u00e4 toteutuneista valmennuksista.<br \/>\n[\/et_pb_text][\/et_pb_column][et_pb_column type=&#8221;1_4&#8243; _builder_version=&#8221;4.17.0&#8243; _module_preset=&#8221;default&#8221; global_colors_info=&#8221;{}&#8221;][et_pb_pricing_tables featured_table_background_color=&#8221;#FFFFFF&#8221; header_background_color=&#8221;#12D678&#8243; show_bullet=&#8221;off&#8221; show_featured_drop_shadow=&#8221;off&#8221; _builder_version=&#8221;4.20.0&#8243; _module_preset=&#8221;default&#8221; excluded_text_color=&#8221;rgba(255,255,255,0.5)&#8221; currency_frequency_text_color=&#8221;#12D678&#8243; price_text_color=&#8221;#12D678&#8243; body_text_color=&#8221;#FFFFFF&#8221; header_text_color=&#8221;#161616&#8243; header_font=&#8221;Antonio|700|||||||&#8221; header_font_size=&#8221;25px&#8221; body_font=&#8221;Mukta|500|||||||&#8221; body_font_size=&#8221;16px&#8221; body_line_height=&#8221;1.4em&#8221; price_font=&#8221;PT Sans|700|||||||&#8221; price_font_size=&#8221;72px&#8221; currency_frequency_font=&#8221;PT Sans|700|||||||&#8221; excluded_font=&#8221;||||||on||&#8221; background_color=&#8221;RGBA(255,255,255,0)&#8221; custom_button=&#8221;on&#8221; button_text_size=&#8221;14px&#8221; button_text_color=&#8221;#FFFFFF&#8221; button_bg_color=&#8221;#161616&#8243; button_border_color=&#8221;#12D678&#8243; button_border_radius=&#8221;0px&#8221; button_letter_spacing=&#8221;0.15em&#8221; button_font=&#8221;Mukta|800||on|||||&#8221; button_custom_padding=&#8221;16px|16px|16px|16px|true|true&#8221; text_orientation=&#8221;left&#8221; custom_padding=&#8221;|20px|20px|20px|false|true&#8221; header_font_size_tablet=&#8221;20px&#8221; header_font_size_phone=&#8221;16px&#8221; header_font_size_last_edited=&#8221;on|phone&#8221; body_font_size_tablet=&#8221;14px&#8221; body_font_size_phone=&#8221;14px&#8221; body_font_size_last_edited=&#8221;on|phone&#8221; currency_frequency_font_size_last_edited=&#8221;off|desktop&#8221; custom_css_pricing_top=&#8221;border: 0;||padding-bottom: 0&#8243; border_color_all=&#8221;#12D678&#8243; locked=&#8221;off&#8221; global_colors_info=&#8221;{}&#8221;][et_pb_pricing_table title=&#8221;Joukkueen testit&#8221; currency=&#8221;\u20ac&#8221; per=&#8221;pelaaja&#8221; sum=&#8221;15&#8243; button_url=&#8221;#&#8221; _builder_version=&#8221;4.20.0&#8243; _module_preset=&#8221;default&#8221; custom_padding=&#8221;||||false|false&#8221; global_colors_info=&#8221;{}&#8221; sticky_transition=&#8221;on&#8221;]+ Suoranopeus (5m\/10m\/20m)<br \/>\n+ Tekniikkarata<br \/>\n+ Tulokset s\u00e4hk\u00f6postiin<br \/>\n+ Pelaajien ohjaaminen testin aikana<br \/>\n+ Vinkkej\u00e4 tulosten parantamiseen<br \/>\n[\/et_pb_pricing_table][\/et_pb_pricing_tables][\/et_pb_column][et_pb_column type=&#8221;1_4&#8243; _builder_version=&#8221;4.17.0&#8243; _module_preset=&#8221;default&#8221; global_colors_info=&#8221;{}&#8221;][et_pb_pricing_tables featured_table_background_color=&#8221;#FFFFFF&#8221; header_background_color=&#8221;#12D678&#8243; show_bullet=&#8221;off&#8221; show_featured_drop_shadow=&#8221;off&#8221; _builder_version=&#8221;4.20.0&#8243; _module_preset=&#8221;default&#8221; excluded_text_color=&#8221;rgba(22,22,22,0.5)&#8221; currency_frequency_text_color=&#8221;#12D678&#8243; price_text_color=&#8221;#12D678&#8243; body_text_color=&#8221;#161616&#8243; header_text_color=&#8221;#161616&#8243; header_font=&#8221;PT Sans|700|||||||&#8221; header_font_size=&#8221;25px&#8221; body_font=&#8221;Mukta|500|||||||&#8221; body_font_size=&#8221;16px&#8221; body_line_height=&#8221;1.4em&#8221; price_font=&#8221;PT Sans|700|||||||&#8221; currency_frequency_font=&#8221;PT Sans|700|||||||&#8221; excluded_font=&#8221;||||||on||&#8221; custom_button=&#8221;on&#8221; button_text_size=&#8221;14px&#8221; button_text_color=&#8221;#161616&#8243; button_bg_color=&#8221;#12D678&#8243; button_border_color=&#8221;#12D678&#8243; button_border_radius=&#8221;0px&#8221; button_letter_spacing=&#8221;0.15em&#8221; button_font=&#8221;Mukta|800||on|||||&#8221; button_custom_padding=&#8221;16px|16px|16px|16px|true|true&#8221; text_orientation=&#8221;left&#8221; custom_margin=&#8221;|-1px|||false|false&#8221; custom_padding=&#8221;|19px|20px|19px|false|true&#8221; header_font_size_tablet=&#8221;20px&#8221; header_font_size_phone=&#8221;16px&#8221; header_font_size_last_edited=&#8221;on|phone&#8221; body_font_size_tablet=&#8221;14px&#8221; body_font_size_phone=&#8221;14px&#8221; body_font_size_last_edited=&#8221;on|phone&#8221; custom_css_pricing_top=&#8221;border: 0;||padding-bottom: 0&#8243; border_color_all=&#8221;#12D678&#8243; locked=&#8221;off&#8221; global_colors_info=&#8221;{}&#8221;][et_pb_pricing_table title=&#8221;Joukkueen fysiikkavalmennus&#8221; currency=&#8221;\u20ac&#8221; per=&#8221;pelaaja\/kk&#8221; sum=&#8221;30&#8243; button_url=&#8221;#&#8221; _builder_version=&#8221;4.20.0&#8243; _module_preset=&#8221;default&#8221; header_font_size=&#8221;23px&#8221; custom_padding=&#8221;||||false|false&#8221; global_colors_info=&#8221;{}&#8221; sticky_transition=&#8221;on&#8221;]<\/p>\n<p>Esim. 3kk jakso<\/p>\n<p>Alku- ja lopputestaus<\/p>\n<p>1 Ohjattu harjoitus\/vko<\/p>\n<p>Yksil\u00f6llinen ohjaus harjoituksissa<\/p>\n<p>Yhteisty\u00f6 joukkueen valmennuksen kanssa<\/p>\n<p>Palautekeskustelu ja katse tulevaan<\/p>\n<p>[\/et_pb_pricing_table][\/et_pb_pricing_tables][\/et_pb_column][et_pb_column type=&#8221;1_4&#8243; _builder_version=&#8221;4.17.3&#8243; _module_preset=&#8221;default&#8221; global_colors_info=&#8221;{}&#8221;][et_pb_pricing_tables featured_table_background_color=&#8221;#FFFFFF&#8221; header_background_color=&#8221;#12D678&#8243; show_bullet=&#8221;off&#8221; show_featured_drop_shadow=&#8221;off&#8221; _builder_version=&#8221;4.20.0&#8243; _module_preset=&#8221;default&#8221; excluded_text_color=&#8221;rgba(255,255,255,0.5)&#8221; currency_frequency_text_color=&#8221;#12D678&#8243; price_text_color=&#8221;#12D678&#8243; body_text_color=&#8221;#FFFFFF&#8221; header_text_color=&#8221;#161616&#8243; header_font=&#8221;Antonio|700|||||||&#8221; header_font_size=&#8221;25px&#8221; body_font=&#8221;Mukta|500|||||||&#8221; body_font_size=&#8221;16px&#8221; body_line_height=&#8221;1.4em&#8221; price_font=&#8221;PT Sans|700|||||||&#8221; price_font_size=&#8221;72px&#8221; currency_frequency_font=&#8221;PT Sans|700|||||||&#8221; excluded_font=&#8221;||||||on||&#8221; background_color=&#8221;RGBA(255,255,255,0)&#8221; custom_button=&#8221;on&#8221; button_text_size=&#8221;14px&#8221; button_text_color=&#8221;#FFFFFF&#8221; button_bg_color=&#8221;#161616&#8243; button_border_color=&#8221;#12D678&#8243; button_border_radius=&#8221;0px&#8221; button_letter_spacing=&#8221;0.15em&#8221; button_font=&#8221;Mukta|800||on|||||&#8221; button_custom_padding=&#8221;16px|16px|16px|16px|true|true&#8221; text_orientation=&#8221;left&#8221; custom_padding=&#8221;|20px|20px|20px|false|true&#8221; header_font_size_tablet=&#8221;20px&#8221; header_font_size_phone=&#8221;16px&#8221; header_font_size_last_edited=&#8221;on|phone&#8221; body_font_size_tablet=&#8221;14px&#8221; body_font_size_phone=&#8221;14px&#8221; body_font_size_last_edited=&#8221;on|phone&#8221; currency_frequency_font_size_last_edited=&#8221;off|desktop&#8221; custom_css_pricing_top=&#8221;border: 0;||padding-bottom: 0&#8243; border_color_all=&#8221;#12D678&#8243; locked=&#8221;off&#8221; global_colors_info=&#8221;{}&#8221;][et_pb_pricing_table title=&#8221;Personal Training&#8221; currency=&#8221;\u20ac&#8221; per=&#8221;kk&#8221; sum=&#8221;249&#8243; button_url=&#8221;#&#8221; _builder_version=&#8221;4.20.0&#8243; _module_preset=&#8221;default&#8221; custom_padding=&#8221;||||false|false&#8221; global_colors_info=&#8221;{}&#8221; sticky_transition=&#8221;on&#8221;]+ Tavoitteiden l\u00e4pik\u00e4ynti<br \/>\n+ Tavoitteisiin ja el\u00e4m\u00e4ntilanteeseen sopiva harjoitusohjelma<\/p>\n<p>+ 4 ohjattua harjoitusta 1\/vko<br \/>\n+ Valmentajan tuki harjoitusjakson aikana<br \/>\n+ Palautekeskustelu ja katse tulevaan<br \/>\n[\/et_pb_pricing_table][\/et_pb_pricing_tables][\/et_pb_column][\/et_pb_row][\/et_pb_section][et_pb_section fb_built=&#8221;1&#8243; admin_label=&#8221;Footer&#8221; _builder_version=&#8221;4.20.0&#8243; _module_preset=&#8221;default&#8221; background_color=&#8221;#FFFFFF&#8221; use_background_color_gradient=&#8221;on&#8221; background_color_gradient_stops=&#8221;rgba(0,0,0,0.2) 0%|#000000 90%&#8221; background_color_gradient_overlays_image=&#8221;on&#8221; background_image=&#8221;https:\/\/www.botniatraining.fi\/wp-content\/uploads\/2023\/03\/online-course54.png&#8221; background_size=&#8221;contain&#8221; background_position=&#8221;top_center&#8221; background_repeat=&#8221;repeat-x&#8221; min_height=&#8221;332px&#8221; min_height_tablet=&#8221;332px&#8221; min_height_phone=&#8221;332px&#8221; min_height_last_edited=&#8221;on|tablet&#8221; height=&#8221;202px&#8221; max_height=&#8221;666px&#8221; custom_margin=&#8221;23px||-5px|||&#8221; saved_tabs=&#8221;all&#8221; locked=&#8221;off&#8221; collapsed=&#8221;on&#8221; global_colors_info=&#8221;{}&#8221;][et_pb_row _builder_version=&#8221;4.20.0&#8243; _module_preset=&#8221;default&#8221; min_height=&#8221;41.3px&#8221; custom_margin=&#8221;|auto|-121px|auto||&#8221; global_colors_info=&#8221;{}&#8221;][et_pb_column type=&#8221;4_4&#8243; _builder_version=&#8221;4.17.0&#8243; _module_preset=&#8221;default&#8221; global_colors_info=&#8221;{}&#8221;][et_pb_text _builder_version=&#8221;4.20.0&#8243; _module_preset=&#8221;b327cbe4-b1d5-4b66-ad37-40c8f2f061ba&#8221; header_2_font=&#8221;PT Sans|700|||||||&#8221; header_2_text_color=&#8221;#FFFFFF&#8221; header_2_font_size=&#8221;48px&#8221; header_2_line_height=&#8221;1.35em&#8221; text_orientation=&#8221;center&#8221; custom_margin=&#8221;-54px||0px||false|false&#8221; header_2_font_size_tablet=&#8221;30px&#8221; header_2_font_size_phone=&#8221;22px&#8221; header_2_font_size_last_edited=&#8221;on|phone&#8221; global_colors_info=&#8221;{}&#8221;]<\/p>\n<h2>Yhteystiedot<\/h2>\n<p>[\/et_pb_text][\/et_pb_column][\/et_pb_row][et_pb_row column_structure=&#8221;1_3,1_3,1_3&#8243; custom_padding_last_edited=&#8221;on|tablet&#8221; _builder_version=&#8221;4.17.3&#8243; _module_preset=&#8221;default&#8221; custom_padding=&#8221;0px|||280px|false|false&#8221; custom_padding_tablet=&#8221;0px|||0px|false|false&#8221; custom_padding_phone=&#8221;&#8221; global_colors_info=&#8221;{}&#8221;][et_pb_column type=&#8221;1_3&#8243; _builder_version=&#8221;4.17.1&#8243; _module_preset=&#8221;default&#8221; custom_padding=&#8221;|20px|||false|false&#8221; custom_padding_tablet=&#8221;&#8221; custom_padding_phone=&#8221;&#8221; custom_padding_last_edited=&#8221;on|desktop&#8221; global_colors_info=&#8221;{}&#8221;][et_pb_text _builder_version=&#8221;4.20.0&#8243; _module_preset=&#8221;1f09816e-184e-4ce5-a4cf-b39c52c423ca&#8221; text_font=&#8221;Antonio|500|||||||&#8221; text_text_color=&#8221;rgba(255,255,255,0.6)&#8221; text_font_size=&#8221;24px&#8221; link_text_color=&#8221;#12D678&#8243; custom_margin=&#8221;0px||||false|false&#8221; custom_padding=&#8221;||0px|||&#8221; text_font_size_tablet=&#8221;14px&#8221; text_font_size_phone=&#8221;20px&#8221; text_font_size_last_edited=&#8221;on|phone&#8221; header_font_size_tablet=&#8221;55px&#8221; header_font_size_last_edited=&#8221;off|desktop&#8221; locked=&#8221;off&#8221; global_colors_info=&#8221;{}&#8221;]<a href=\"tel:#\">jukka@botniatraining.fi<\/a><br \/>\n[\/et_pb_text][\/et_pb_column][et_pb_column type=&#8221;1_3&#8243; _builder_version=&#8221;4.17.1&#8243; _module_preset=&#8221;default&#8221; custom_padding=&#8221;|20px|||false|false&#8221; global_colors_info=&#8221;{}&#8221;][et_pb_text _builder_version=&#8221;4.20.0&#8243; _module_preset=&#8221;1f09816e-184e-4ce5-a4cf-b39c52c423ca&#8221; text_font=&#8221;Antonio|500|||||||&#8221; text_text_color=&#8221;rgba(255,255,255,0.6)&#8221; text_font_size=&#8221;25px&#8221; link_text_color=&#8221;#12D678&#8243; custom_padding=&#8221;||0px|||&#8221; text_font_size_tablet=&#8221;14px&#8221; text_font_size_phone=&#8221;20px&#8221; text_font_size_last_edited=&#8221;on|phone&#8221; header_font_size_tablet=&#8221;55px&#8221; header_font_size_last_edited=&#8221;off|desktop&#8221; locked=&#8221;off&#8221; global_colors_info=&#8221;{}&#8221;]<a href=\"tel:#\">044 5477062<\/a><br \/>\n[\/et_pb_text][\/et_pb_column][et_pb_column type=&#8221;1_3&#8243; _builder_version=&#8221;4.17.1&#8243; _module_preset=&#8221;default&#8221; custom_padding=&#8221;|20px|||false|false&#8221; global_colors_info=&#8221;{}&#8221;][et_pb_social_media_follow icon_color=&#8221;#12D678&#8243; use_icon_font_size=&#8221;on&#8221; icon_font_size=&#8221;20px&#8221; _builder_version=&#8221;4.20.0&#8243; _module_preset=&#8221;default&#8221; background_color=&#8221;RGBA(255,255,255,0)&#8221; background_layout=&#8221;dark&#8221; border_radii=&#8221;on|0px|0px|0px|0px&#8221; global_colors_info=&#8221;{}&#8221;][et_pb_social_media_follow_network social_network=&#8221;facebook&#8221; url=&#8221;http:\/\/facebook.com\/botnia.training&#8221; use_icon_font_size=&#8221;on&#8221; icon_font_size=&#8221;24px&#8221; _builder_version=&#8221;4.20.0&#8243; _module_preset=&#8221;default&#8221; global_colors_info=&#8221;{}&#8221; follow_button=&#8221;off&#8221; url_new_window=&#8221;on&#8221;]facebook[\/et_pb_social_media_follow_network][et_pb_social_media_follow_network social_network=&#8221;linkedin&#8221; url=&#8221;http:\/\/linkedin.com\/company\/botnia-training&#8221; use_icon_font_size=&#8221;on&#8221; icon_font_size=&#8221;24px&#8221; _builder_version=&#8221;4.20.0&#8243; _module_preset=&#8221;default&#8221; global_colors_info=&#8221;{}&#8221; follow_button=&#8221;off&#8221; url_new_window=&#8221;on&#8221;]linkedin[\/et_pb_social_media_follow_network][et_pb_social_media_follow_network social_network=&#8221;instagram&#8221; url=&#8221;https:\/\/instagram.com\/botnia.training?igshid=ZDdkNTZiNTM=&#8221; use_icon_font_size=&#8221;on&#8221; icon_font_size=&#8221;24px&#8221; _builder_version=&#8221;4.20.0&#8243; _module_preset=&#8221;default&#8221; background_color=&#8221;RGBA(255,255,255,0)&#8221; background_enable_color=&#8221;on&#8221; global_colors_info=&#8221;{}&#8221; follow_button=&#8221;off&#8221; url_new_window=&#8221;on&#8221;]instagram[\/et_pb_social_media_follow_network][\/et_pb_social_media_follow][\/et_pb_column][\/et_pb_row][\/et_pb_section]<\/p>\n","protected":false},"excerpt":{"rendered":"<p>Esimerkkej\u00e4 hinnoista: Kannustan olemaan yhteydess\u00e4 puhelimitse tai s\u00e4hk\u00f6postilla, jotta voimme r\u00e4\u00e4t\u00e4l\u00f6id\u00e4 tarpeisiisi sopivan valmennuspaketin. Ohessa olevat hinnat ovat esimerkkej\u00e4 toteutuneista valmennuksista. + Suoranopeus (5m\/10m\/20m) + Tekniikkarata + Tulokset s\u00e4hk\u00f6postiin + Pelaajien ohjaaminen testin aikana + Vinkkej\u00e4 tulosten parantamiseen Esim. 3kk jakso Alku- ja lopputestaus 1 Ohjattu harjoitus\/vko Yksil\u00f6llinen ohjaus harjoituksissa Yhteisty\u00f6 joukkueen valmennuksen kanssa Palautekeskustelu [&hellip;]<\/p>\n","protected":false},"author":1,"featured_media":0,"parent":0,"menu_order":0,"comment_status":"closed","ping_status":"closed","template":"","meta":{"_et_pb_use_builder":"on","_et_pb_old_content":"","_et_gb_content_width":"","footnotes":""},"class_list":["post-300","page","type-page","status-publish","hentry"],"_links":{"self":[{"href":"https:\/\/www.botniatraining.fi\/index.php\/wp-json\/wp\/v2\/pages\/300","targetHints":{"allow":["GET"]}}],"collection":[{"href":"https:\/\/www.botniatraining.fi\/index.php\/wp-json\/wp\/v2\/pages"}],"about":[{"href":"https:\/\/www.botniatraining.fi\/index.php\/wp-json\/wp\/v2\/types\/page"}],"author":[{"embeddable":true,"href":"https:\/\/www.botniatraining.fi\/index.php\/wp-json\/wp\/v2\/users\/1"}],"replies":[{"embeddable":true,"href":"https:\/\/www.botniatraining.fi\/index.php\/wp-json\/wp\/v2\/comments?post=300"}],"version-history":[{"count":19,"href":"https:\/\/www.botniatraining.fi\/index.php\/wp-json\/wp\/v2\/pages\/300\/revisions"}],"predecessor-version":[{"id":473,"href":"https:\/\/www.botniatraining.fi\/index.php\/wp-json\/wp\/v2\/pages\/300\/revisions\/473"}],"wp:attachment":[{"href":"https:\/\/www.botniatraining.fi\/index.php\/wp-json\/wp\/v2\/media?parent=300"}],"curies":[{"name":"wp","href":"https:\/\/api.w.org\/{rel}","templated":true}]}}